{"id":111,"date":"2020-03-29T12:55:10","date_gmt":"2020-03-29T12:55:10","guid":{"rendered":"http:\/\/subneu.kristine-wedgwood-benn.de\/?page_id=111"},"modified":"2020-07-29T12:06:23","modified_gmt":"2020-07-29T12:06:23","slug":"111-2","status":"publish","type":"page","link":"https:\/\/kristine-wedgwood-benn.de\/?page_id=111","title":{"rendered":"+"},"content":{"rendered":"\n<p><strong>Vit<\/strong>a<\/p>\n\n\n\n<ul><li>Geboren 1965 in Rostock<\/li><li>Studium der Freien Bildenden Kunst bei Norbert Tadeusz an der HBK Braunschweig<\/li><li>Meistersch\u00fclerin von Norbert Tadeusz<\/li><li>lebt und arbeitet in Herford<\/li><\/ul>\n\n\n\n<p><strong>Kontakt<\/strong>        <\/p>\n\n\n\n<ul><li>wedgwoodbenn@gmx.de <\/li><\/ul>\n\n\n\n<p><strong>Impressum <\/strong><\/p>\n\n\n\n<p>Copyright 2020 K.Wedgwood-Benn Es wird keine Haftung \u00fcbernommen f\u00fcr genannte Orte und Termine, f\u00fcr evtl. falsch zitierte Satzungspassagen, Beitr\u00e4ge und Programme. Es wird keine Haftung \u00fcbernommen f\u00fcr die Richtigkeit der aus den Datenbanken erhobenen Ergebnisse. Mit Urteil vom 12. Mai 1998 &#8211; 312 O 85\/98 &#8211; &#8222;Haftung f\u00fcr Links&#8220; hat das Landgericht Hamburg entschieden, dass man durch die Anbringung von Links die Inhalte der gelinkten Seite ggf. mit zu verantworten hat. Dies kann nur dadurch verhindert werden, dass man sich ausdr\u00fccklich von diesen Inhalten distanziert. Hiermit distanziere ich mich ausdr\u00fccklich von allen Inhalten aller gelinkten Seiten auf dieser Homepage und mache mir diese Inhalte nicht zu eigen.<\/p>\n\n\n\n<p><\/p>\n","protected":false},"excerpt":{"rendered":"<p>Vita Geboren 1965 in Rostock Studium der Freien Bildenden Kunst bei Norbert Tadeusz an der HBK Braunschweig Meistersch\u00fclerin von Norbert Tadeusz lebt und arbeitet in Herford Kontakt wedgwoodbenn@gmx.de Impressum Copyright 2020 K.Wedgwood-Benn Es wird keine Haftung \u00fcbernommen f\u00fcr genannte Orte und Termine, f\u00fcr evtl. falsch zitierte Satzungspassagen, Beitr\u00e4ge und Programme. Es wird keine Haftung \u00fcbernommen [&hellip;]<\/p>\n","protected":false},"author":1,"featured_media":0,"parent":0,"menu_order":0,"comment_status":"closed","ping_status":"closed","template":"","meta":[],"_links":{"self":[{"href":"https:\/\/kristine-wedgwood-benn.de\/index.php?rest_route=\/wp\/v2\/pages\/111"}],"collection":[{"href":"https:\/\/kristine-wedgwood-benn.de\/index.php?rest_route=\/wp\/v2\/pages"}],"about":[{"href":"https:\/\/kristine-wedgwood-benn.de\/index.php?rest_route=\/wp\/v2\/types\/page"}],"author":[{"embeddable":true,"href":"https:\/\/kristine-wedgwood-benn.de\/index.php?rest_route=\/wp\/v2\/users\/1"}],"replies":[{"embeddable":true,"href":"https:\/\/kristine-wedgwood-benn.de\/index.php?rest_route=%2Fwp%2Fv2%2Fcomments&post=111"}],"version-history":[{"count":6,"href":"https:\/\/kristine-wedgwood-benn.de\/index.php?rest_route=\/wp\/v2\/pages\/111\/revisions"}],"predecessor-version":[{"id":248,"href":"https:\/\/kristine-wedgwood-benn.de\/index.php?rest_route=\/wp\/v2\/pages\/111\/revisions\/248"}],"wp:attachment":[{"href":"https:\/\/kristine-wedgwood-benn.de\/index.php?rest_route=%2Fwp%2Fv2%2Fmedia&parent=111"}],"curies":[{"name":"wp","href":"https:\/\/api.w.org\/{rel}","templated":true}]}}