{"id":97,"date":"2020-03-29T12:37:37","date_gmt":"2020-03-29T12:37:37","guid":{"rendered":"http:\/\/subneu.kristine-wedgwood-benn.de\/?page_id=97"},"modified":"2020-07-28T13:27:40","modified_gmt":"2020-07-28T13:27:40","slug":"text","status":"publish","type":"page","link":"https:\/\/kristine-wedgwood-benn.de\/?page_id=97","title":{"rendered":"Text"},"content":{"rendered":"\n<pre class=\"wp-block-verse\"><br>NYMPHE<br>zeichnerisch - malerische Darstellungen <br>von Kristine Wedgwood-Benn<br><br>Text von Rita Strautmann zur Ausstellung NYMPHE<br>in der Galerie Raumcollage Bielefeld 2010\/11<br><br>Eine Gruppe gesammelter Insektenh\u00e4ute war Ausgangspunkt f\u00fcr die aktuellen zeichnerisch-malerischen Darstellungen von Kristine Wedgwood-Benn. Es ist ein Motiv, das die K\u00fcnstlerin wegen seines Reichtums an Linien und Rhythmen reizt. Die Linie gleicht dabei einer Schwellensituation, in der etwas umschl\u00e4gt, von einem Zustand in einen anderen. <br>In der Biologie werden die Larven einiger Insektenarten als Nymphen bezeichnet. Mythologisch handelt es sich bei Nymphen um anmutige Naturgottheiten, die als wohlt\u00e4tige Geister frei umher schweifen. <br>Wie Metaphern wirken die Arbeiten von Kristine Wedgwood-Benn, bei denen die Gedanken w\u00e4hrend der Betrachtung von einem Vorstellungsbereich in einen anderen \u00fcbergehen. Die Insektenlarven als Objekte der Transformation werden eingefasst von individuellen Anverwandlungen der Natur. Es sind selbstgleiche, sich wiederholende Formen, die sich zu einem ornamentalen Geflecht verdichten. Eine Verwandlung von Chaos durch Bewegung hin zu einer neuen Ordnung.<br>Die Abbilder der winzigen Wesen \u00fcbertr\u00e4gt die K\u00fcnstlerin in teils gro\u00dfformatige wand- und raumf\u00fcllende plastische Entw\u00fcrfe.<br>Es sind Schatten werdende Umformungen des Kreat\u00fcrlichen in dunkler Tonigkeit mit klarer Neigung zur Monochromie. Eine Reduktion auf wenige Farbt\u00f6ne und tiefgr\u00fcndige Transparenz zeichnen die Arbeiten aus.<br><\/pre>\n","protected":false},"excerpt":{"rendered":"<p>NYMPHEzeichnerisch &#8211; malerische Darstellungen von Kristine Wedgwood-BennText von Rita Strautmann zur Ausstellung NYMPHEin der Galerie Raumcollage Bielefeld 2010\/11Eine Gruppe gesammelter Insektenh\u00e4ute war Ausgangspunkt f\u00fcr die aktuellen zeichnerisch-malerischen Darstellungen von Kristine Wedgwood-Benn. Es ist ein Motiv, das die K\u00fcnstlerin wegen seines Reichtums an Linien und Rhythmen reizt. Die Linie gleicht dabei einer Schwellensituation, in der etwas [&hellip;]<\/p>\n","protected":false},"author":1,"featured_media":0,"parent":0,"menu_order":0,"comment_status":"closed","ping_status":"closed","template":"","meta":[],"_links":{"self":[{"href":"https:\/\/kristine-wedgwood-benn.de\/index.php?rest_route=\/wp\/v2\/pages\/97"}],"collection":[{"href":"https:\/\/kristine-wedgwood-benn.de\/index.php?rest_route=\/wp\/v2\/pages"}],"about":[{"href":"https:\/\/kristine-wedgwood-benn.de\/index.php?rest_route=\/wp\/v2\/types\/page"}],"author":[{"embeddable":true,"href":"https:\/\/kristine-wedgwood-benn.de\/index.php?rest_route=\/wp\/v2\/users\/1"}],"replies":[{"embeddable":true,"href":"https:\/\/kristine-wedgwood-benn.de\/index.php?rest_route=%2Fwp%2Fv2%2Fcomments&post=97"}],"version-history":[{"count":4,"href":"https:\/\/kristine-wedgwood-benn.de\/index.php?rest_route=\/wp\/v2\/pages\/97\/revisions"}],"predecessor-version":[{"id":187,"href":"https:\/\/kristine-wedgwood-benn.de\/index.php?rest_route=\/wp\/v2\/pages\/97\/revisions\/187"}],"wp:attachment":[{"href":"https:\/\/kristine-wedgwood-benn.de\/index.php?rest_route=%2Fwp%2Fv2%2Fmedia&parent=97"}],"curies":[{"name":"wp","href":"https:\/\/api.w.org\/{rel}","templated":true}]}}